{"id":13299,"date":"2017-04-11T09:59:53","date_gmt":"2017-04-11T07:59:53","guid":{"rendered":"http:\/\/www.orviserramenti.it\/it\/?page_id=13299"},"modified":"2017-04-11T10:01:10","modified_gmt":"2017-04-11T08:01:10","slug":"privacy-e-cookie","status":"publish","type":"page","link":"https:\/\/www.orviserramenti.it\/it\/privacy-e-cookie\/","title":{"rendered":"Privacy e Cookie"},"content":{"rendered":"<div id=\"contenitore\">\n<div class=\"slideH\">\n<div class=\"w1200\">\n<h2>Privacy Policy<\/h2>\n<p>Questa pagina ha lo scopo di descrivere le modalit\u00e0 di gestione del sito in riferimento al trattamento dei dati personali degli utenti visitatori che lo consultano.<\/p>\n<p>Si tratta di un&#8217;informativa resa anche ai sensi dell&#8217;<strong>Art. 13 del D.Lgs. n. 196\/2003<\/strong> &#8211; Codice in materia di protezione dei dati personali a coloro che si collegano al sito web aziendale.<\/p>\n<p>L&#8217;informativa \u00e8 resa per il Sito Web e non anche per altri siti web eventualmente consultati dall&#8217;utente tramite link.<\/p>\n<p>L&#8217;informativa si ispira anche alla direttiva 2009\/136\/CE, che ha introdotto nuove norme in materia di cookies, ed alla Raccomandazione n. 2\/2001 adottata dalle autorit\u00e0 europee per la protezione dei dati personali per individuare alcuni requisiti minimi per la raccolta di dati personali on-line, e, in particolare, le modalit\u00e0, i tempi e la natura delle informazioni che i titolari del trattamento devono fornire agli utenti quando questi si collegano a pagine web, indipendentemente dagli scopi del collegamento.<\/p>\n<h3>Il &#8220;titolare&#8221; del trattamento<\/h3>\n<p>A seguito della consultazione del Sito Web possono essere trattati dati relativi a persone identificate o identificabili.<\/p>\n<p>Titolare del loro trattamento \u00e8 la <strong>Orvi Serramenti SRL.<\/strong> Via casilina, n. 216 00077 \u2013 Loc Pantano Borghese \u2013 Montecompatri (Roma)<\/p>\n<h2>Cookie Policy<\/h2>\n<p>Per rendere il nostro sito pi\u00f9 facile ed intuitivo facciamo uso dei cookie come chiarito dal Garante Privacy nelle FAQ del dicembre 2012, reperibili su\u00a0<a href=\"http:\/\/www.garanteprivacy.it\/\" target=\"_blank\">www.garanteprivacy.it<\/a>.<\/p>\n<p>I cookie sono piccole porzioni di dati che ci permettono di confrontare i visitatori nuovi e quelli passati e di capire come gli utenti navigano attraverso il nostro sito. Utilizziamo i dati raccolti grazie ai cookie per rendere l&#8217;esperienza di navigazione pi\u00f9 piacevole e pi\u00f9 efficiente in futuro.I cookie non registrano alcuna informazione personale su un utente e gli eventuali dati identificabili non verranno memorizzati<\/p>\n<h3>Cookie di prima parte utilizzati direttamente dal sito<\/h3>\n<p>Questi cookie tecnici sono essenziali al fine di consentire di spostarsi in tutto il sito ed utilizzare a pieno le sue c aratteristiche, come ad esempio accedere alle varie aree protette del sito. Senza questi cookie alcuni servizi necessari, come la compilazione di un form non possono essere fruiti.<\/p>\n<ul>\n<li><strong>Performance cookie<\/strong><br \/>\nQuesti cookie raccolgono informazioni su come gli utenti utilizzano un sito web, ad esempio, quali sono le pagine pi\u00f9 visitare, se si ricevono messaggi di errore da pagine web. Questi cookie non raccolgono informazioni che identificano un visitatore. Tutte le informazioni raccolte tramite cookie sono aggregate e quindi anonime. Vengono utilizzati solo per migliorare il funzionamento di un sito web.<\/li>\n<li><strong>Cookie di funzionalit\u00e0<\/strong><br \/>\nI cookie consentono al sito di ricordare le scelte fatte dall\u2019utente (come il nome, la lingua o la regione di provenienza) e forniscono funzionalit\u00e0 avanzate personalizzate. Questi cookie possono essere utilizzati anche per ricordare le modifiche apportate alla dimensione del testo, font ed altre parti di pagine web che \u00e8 possibile personalizzare. Essi possono anche essere utilizzati per fornire servizi che hai chiesto come guardare un video o i commenti su un blog. Le informazioni raccolte da questi tipi di cookie possono essere rese anonime e non in grado di monitorare la vostra attivit\u00e0 di navigazione su altri siti web.<\/li>\n<li><strong>Google Analytics<\/strong><br \/>\nQuesto sito web utilizza Google Analytics, un servizio di analisi web fornito da Google , Inc. ( &#8220;Google&#8221;) . Google Analytics utilizza dei &#8220;cookies&#8221; , che sono file di testo depositati sul Vostro computer per consentire al sito web di analizzare come gli utenti utilizzano il sito . Le informazioni generate dal cookie sull&#8217;utilizzo del sito web ( compreso il Vostro indirizzo IP anonimo ) verranno trasmesse e depositate presso i server di Google negli Stati Uniti. Google utilizzer\u00e0 queste informazioni allo scopo di esaminare il Vostro utilizzo del sito web, compilare report sulle attivit\u00e0 del sito per gli operatori dello stesso e fornire altri servizi relativi alle attivit\u00e0 del sito web e all&#8217;utilizzo di internet. Google pu\u00f2 anche trasferire queste informazioni a terzi ove ci\u00f2 sia imposto dalla legge o laddove tali terzi trattino le suddette informazioni per conto di Google . Google non assocer\u00e0 il vostro indirizzo IP a nessun altro dato posseduto da Google. Potete rifiutarvi di usare i cookies selezionando l&#8217;impostazione appropriata sul vostro browser, ma si prega di notare che se si fa questo non si pu\u00f2 essere in grado di utilizzare tutte le funzionalit\u00e0 di questo sito web . Utilizzando il presente sito web, voi acconsentite al trattamento dei Vostri dati da parte di Google per le modalit\u00e0 ed i fini sopraindicati.Si pu\u00f2 impedire a Google il rilevamento di un cookie che viene generato a causa di e legato al Vostro utilizzo di questo sito web (compreso il Vostro indirizzo IP) e l&#8217;elaborazione di tali dati scaricando e installando questo plugin per il browser : <a href=\"http:\/\/tools.google.com\/dlpage\/gaoptout?hl=it\" target=\"_blank\">http:\/\/tools.google.com\/dlpage\/gaoptout?hl=it<\/a><\/li>\n<\/ul>\n<h3>Modalit\u00e0 di disabilitazione dei cookies<\/h3>\n<p>La maggioranza dei browser internet sono inizialmente impostati per accettare i cookies in modo automatico. L\u2019utente pu\u00f2 modificare queste impostazioni per bloccare i cookies o per avvertire che dei cookies vengono mandati al dispositivo dell\u2019utente medesimo. Esistono vari modi per gestire i cookies; si pu\u00f2 fare riferimento al manuale d\u2019istruzioni o alla schermata di aiuto del suo browser.<\/p>\n<p>Per ulteriori dettagli in merito alla procedura si potr\u00e0 anche visitare il sito <a href=\"http:\/\/www.aboutcookies.org\/\">www.aboutcookies.org<\/a>\u00a0 per scoprire come regolare o modificare le impostazioni del proprio browser.<\/p>\n<\/div>\n<\/div>\n<\/div>\n","protected":false},"excerpt":{"rendered":"<p>Privacy Policy Questa pagina ha lo scopo di descrivere le modalit\u00e0 di gestione del sito in riferimento al trattamento dei dati personali degli utenti visitatori che lo consultano. Si tratta<\/p>\n","protected":false},"author":1,"featured_media":0,"parent":0,"menu_order":0,"comment_status":"closed","ping_status":"closed","template":"","meta":{"_acf_changed":false,"footnotes":""},"class_list":["post-13299","page","type-page","status-publish","hentry"],"acf":[],"_links":{"self":[{"href":"https:\/\/www.orviserramenti.it\/it\/wp-json\/wp\/v2\/pages\/13299","targetHints":{"allow":["GET"]}}],"collection":[{"href":"https:\/\/www.orviserramenti.it\/it\/wp-json\/wp\/v2\/pages"}],"about":[{"href":"https:\/\/www.orviserramenti.it\/it\/wp-json\/wp\/v2\/types\/page"}],"author":[{"embeddable":true,"href":"https:\/\/www.orviserramenti.it\/it\/wp-json\/wp\/v2\/users\/1"}],"replies":[{"embeddable":true,"href":"https:\/\/www.orviserramenti.it\/it\/wp-json\/wp\/v2\/comments?post=13299"}],"version-history":[{"count":2,"href":"https:\/\/www.orviserramenti.it\/it\/wp-json\/wp\/v2\/pages\/13299\/revisions"}],"predecessor-version":[{"id":13301,"href":"https:\/\/www.orviserramenti.it\/it\/wp-json\/wp\/v2\/pages\/13299\/revisions\/13301"}],"wp:attachment":[{"href":"https:\/\/www.orviserramenti.it\/it\/wp-json\/wp\/v2\/media?parent=13299"}],"curies":[{"name":"wp","href":"https:\/\/api.w.org\/{rel}","templated":true}]}}