{"id":13253,"date":"2017-04-04T15:04:58","date_gmt":"2017-04-04T13:04:58","guid":{"rendered":"http:\/\/www.orviserramenti.it\/it\/?page_id=13253"},"modified":"2017-04-05T14:13:41","modified_gmt":"2017-04-05T12:13:41","slug":"dierre","status":"publish","type":"page","link":"https:\/\/www.orviserramenti.it\/it\/dierre\/","title":{"rendered":"Dierre"},"content":{"rendered":"<div class=\"wpb-content-wrapper\"><p>[vc_row full_width=&#8221;stretch_row_content_no_spaces&#8221; parallax=&#8221;content-moving&#8221;][vc_column][vc_single_image image=&#8221;13254&#8243; img_size=&#8221;full&#8221; alignment=&#8221;center&#8221;][\/vc_column][\/vc_row][vc_row][vc_column][ultimate_spacer height=&#8221;60&#8243; height_on_tabs=&#8221;30&#8243; height_on_mob=&#8221;15&#8243;][vc_column_text]Fondata nel 1975, Dierre \u00e8 la societ\u00e0 <strong>leader nel mondo<\/strong> nella produzione di porte blindate e <strong>leader in Italia<\/strong> nella produzione e vendita di porte per interni e serramenti per esterni.<\/p>\n<p>Realizzare prodotti sempre tecnologicamente innovativi, coniugare sicurezza e design in una vasta gamma di porte e serramenti adattabili ad ogni arredamento e personalizzabili a piacere, \u00e8 l&#8217;obbiettivo perseguito sin dalla creazione della societ\u00e0. Realizzare prodotti all&#8217;avanguardia significa anche\u00a0essere innovativi sul fronte dei processi industriali.<\/p>\n<p>Il Gruppo Dierre ha da sempre investito notevoli risorse nell&#8217;ambito produttivo e questo gli ha consentito di affermarsi come la societ\u00e0 pi\u00f9 tecnologicamente avanzata del settore. Inoltre, per riuscire a coniugare la standardizzazione della produzione con la massima personalizzazione richiesta dal mercato, Dierre conta su software, processi e tecnologia progettati in esclusiva, con una grande attenzione verso il rispetto dell&#8217;ambiente.<\/p>\n<p>Rientra in questo ambito il configuratore di prodotto: un software progettato per Dierre che\u00a0gestisce e normalizza ogni nuovo ordine e lo inserisce in un database generale consultabile da ogni parte del mondo, da ogni dealer, per poter dare una risposta in tempo reale ai clienti. Il configuratore di prodotto consente ai rivenditori di seguire, passo dopo passo l&#8217;iter dei loro ordini, dall&#8217;emissione alla consegna del prodotto alla sua installazione.<\/p>\n<p>Un ulteriore progresso per portare la tecnologia pi\u00f9 innovativa a disposizione della quotidianit\u00e0, industrializzare anche i prodotti speciali e renderli semplici nel loro utilizzo, riuscire a rispondere alle esigenze di ogni singolo cliente in ogni parte del mondo.[\/vc_column_text][ultimate_spacer height=&#8221;20&#8243; height_on_tabs=&#8221;10&#8243; height_on_mob=&#8221;5&#8243;][ultimate_spacer height=&#8221;60&#8243; height_on_tabs=&#8221;30&#8243; height_on_mob=&#8221;15&#8243;][\/vc_column][\/vc_row][vc_row][vc_column width=&#8221;1\/2&#8243;][vc_column_text css=&#8221;.vc_custom_1491394669699{padding-top: 20px !important;padding-bottom: 20px !important;}&#8221;]<\/p>\n<p style=\"text-align: center;\"><a href=\"http:\/\/online.fliphtml5.com\/eywd\/bkbg\/#p=1\" target=\"_blank\">PORTE IN LEGNO MASSICCIO PER INTERNI<\/a><\/p>\n<p>[\/vc_column_text][vc_single_image image=&#8221;13255&#8243; img_size=&#8221;full&#8221; img_link_target=&#8221;_blank&#8221; onclick=&#8221;custom_link&#8221; link=&#8221;http:\/\/online.fliphtml5.com\/eywd\/bkbg\/#p=1&#8243;][vc_column_text css=&#8221;.vc_custom_1491394682817{padding-top: 20px !important;padding-bottom: 20px !important;}&#8221;]<\/p>\n<p style=\"text-align: center;\"><a href=\"http:\/\/online.fliphtml5.com\/eywd\/bkbg\/#p=1\" target=\"_blank\">Clicca qui per scoprire il catalogo<\/a><\/p>\n<p>Armonia e forza. Emozione ed espressione. Distinguersi, essere, senza compromessi. Perch\u00e9 se \u201cle mode passano, lo stile resta\u201d. E una porta in legno massiccio Dierre \u00e8 sempre una scelta di stile. Naturale.<\/p>\n<p><span class=\"home_title_1\">STILE<\/span><br \/>\nElegante nella forma e nelle proporzioni, capace di emozionare, lo stile delle porte in legno massiccio Dierre si esprime con caratteri diversi, precisi e fortemente distintivi.<br \/>\nPrezioso, minimal, contemporaneo, classico, intimo, aulico.<br \/>\nMa una cosa, sopra ogni altra, lo rende raro e inconfondibile: \u00e8 uno stile destinato a durare.<\/p>\n<p><span class=\"home_title_1\">NATURALE<\/span><br \/>\nIl legno vive. Il legno \u00e8 bello: da sfiorare, da guardare.<br \/>\nCambia aspetto, col passare del tempo; le venature assumono nuovi colori, con sfumature che si trasformano a seconda della luce.<br \/>\nLo sanno bene le porte in legno massiccio Dierre, ognuna con la propria identit\u00e0, le proprie piccole imperfezioni, segni inconfondibili di una bellezza nobile e naturale.<\/p>\n<p><span class=\"home_title_1\">LA FORZA DEI DETTAGLI<\/span><br \/>\nDietro una porta in legno massiccio Dierre c\u2019\u00e8 la passione di centinaia di persone; c\u2019\u00e8 la selezione dei migliori materiali e una creativit\u00e0 intelligente, tesa a realizzare prodotti che coniughino estetica e funzionalit\u00e0, tecnologia ed artigianalit\u00e0.<br \/>\nIn lei, ogni particolare racconta la cura e la competenza con cui \u00e8 stata fatta.<br \/>\nIl battente \u00e8 costituito da due strati di legno massiccio incollati fra loro, per una perfetta stabilit\u00e0.<br \/>\nLe bugne, anch\u2019esse in legno massiccio, sono composte da pi\u00f9 listelli assemblati.<br \/>\nIl legno massiccio \u00e8 utilizzato in doppio strato anche per il telaio, caratterizzato da coprifili ad incastro con aletta regolabile.<br \/>\nSolo lavorazioni rigorose e amore per le cose fatte bene assicurano un\u2019esecuzione perfetta e rifinita nei minimi dettagli.[\/vc_column_text][\/vc_column][vc_column width=&#8221;1\/2&#8243;][vc_column_text css=&#8221;.vc_custom_1491394744362{padding-top: 20px !important;padding-bottom: 20px !important;}&#8221;]<\/p>\n<p style=\"text-align: center;\"><a href=\"http:\/\/online.fliphtml5.com\/eywd\/meau\/#p=1\" target=\"_blank\"><span class=\"home_title_1\">PORTE INTERNE LACCATE MOOD WOOD<\/span><\/a><\/p>\n<p>[\/vc_column_text][vc_single_image image=&#8221;13256&#8243; img_size=&#8221;full&#8221; img_link_target=&#8221;_blank&#8221; onclick=&#8221;custom_link&#8221; link=&#8221;http:\/\/online.fliphtml5.com\/eywd\/meau\/#p=1&#8243;][vc_column_text css=&#8221;.vc_custom_1491394708222{padding-top: 20px !important;padding-bottom: 20px !important;}&#8221;]<\/p>\n<p style=\"text-align: center;\"><a href=\"http:\/\/online.fliphtml5.com\/eywd\/meau\/#p=1\" target=\"_blank\">Clicca qui per scoprire il catalogo<\/a><\/p>\n<p>Porte protagoniste dell\u2019interior design.<br \/>\nStudiata armonia di accostamenti cromatici e stilistici, per le porte laccate Dierre: presenze luminose cheesprimono le tendenze pi\u00f9 attuali del design e dell\u2019arredamento.<\/p>\n<p><span class=\"home_title_1\">ILLUMINA CON STILE<\/span><br \/>\nUn\u2019immensa variet\u00e0 di tinte e sfumature inedite per un caleidoscopio di linee e disegni.<br \/>\nLa luce si traduce in colore, ed esalta il pregio dell\u2019essenze utilizzate.<br \/>\nL\u2019energia e una forte identit\u00e0 sono il segno distintivo di una collezione ispirata alla diversit\u00e0, alla molteplicit\u00e0 come unicit\u00e0.<\/p>\n<p><span class=\"home_title_1\">LUCE SUI DETTAGLI<\/span><br \/>\nUna porta Dierre \u00e8 Dierre in tutti i dettagli.<br \/>\nOgni particolare rivela l\u2019incontro esclusivo tra artigianalit\u00e0 e tecnologie avanzate; tra ricerca estrosa e progettazione rigorosa; tra sperimentazione e attenzione ai materiali utilizzati.<br \/>\nA cominciare dalla verniciatura, realizzata nel pieno rispetto della natura, con prodotti che coniugano esigenze estetiche, performance e salvaguardia dell\u2019ambiente.<br \/>\nMa una porta Dierre sa anche essere come volete voi. Oltre alle linee e ai colori, tantissime le soluzioni di apertura e configurazione, dalle versioni pi\u00f9 semplici e lineari a quelle pi\u00f9 complesse.[\/vc_column_text][\/vc_column][\/vc_row][vc_row][vc_column width=&#8221;1\/2&#8243;][vc_column_text css=&#8221;.vc_custom_1491394720833{padding-top: 20px !important;padding-bottom: 20px !important;}&#8221;]<\/p>\n<p style=\"text-align: center;\"><a href=\"http:\/\/online.fliphtml5.com\/eywd\/outf\/#p=1\" target=\"_blank\"><span class=\"home_title_1\">PORTE INTERNE IN ESSENZA MOOD WOOD<\/span><\/a><\/p>\n<p>[\/vc_column_text][vc_single_image image=&#8221;13257&#8243; img_size=&#8221;full&#8221; img_link_target=&#8221;_blank&#8221; onclick=&#8221;custom_link&#8221; link=&#8221;http:\/\/online.fliphtml5.com\/eywd\/outf\/#p=1&#8243;][vc_column_text css=&#8221;.vc_custom_1491394776284{padding-top: 20px !important;padding-bottom: 20px !important;}&#8221;]<\/p>\n<p style=\"text-align: center;\"><a href=\"http:\/\/online.fliphtml5.com\/eywd\/outf\/#p=1\" target=\"_blank\">Clicca qui per scoprire il catalogo<\/a><\/p>\n<p>Eleganti, morbide, essenziali. Sobrie anche nella ricerca formale.<br \/>\nLe porte in essenza Dierre raccontano di voi e del vostro stile, esprimendo con naturalezza l\u2019incontro magico tra evoluzione delle idee e calore del legno.<\/p>\n<p><span class=\"home_title_1\">L&#8217;ESSENZA DELL&#8217;ELEGANZA<\/span><br \/>\nQuanti sono i legni, quante le venature e le sfumature attraverso i quali esprimere la propria voglia di naturalezza.<br \/>\nIl desiderio di non celare, ma mostrare e mostrarsi, aprendo al mondo la propria casa, come prima e pi\u00f9 autentica espressione di s\u00e9.<br \/>\nAtmosfere d\u2019ispirazioni stilistiche diverse, per le porte Dierre in essenza.<br \/>\nLa casa diventa immagine e segno personalissimo. Spazio ideale, creato con attenzione, sensibilit\u00e0 e precisione.<br \/>\nLa bellezza \u00e8 un linguaggio rigoroso in cui materia e forma si armonizzano; lo stile, creato per sottrazione, affinato, teso alla ricerca dell\u2019essenzialit\u00e0.<\/p>\n<p><span class=\"home_title_1\">DETTAGLI ESSENZIALI<\/span><br \/>\nQualit\u00e0, innovazione stilistica e tecnologica, ricerca e cura artigianale.<br \/>\nIn una porta in essenza Dierre, ogni particolare, ogni dettaglio rivelano la precisione inconfondibile con cui \u00e8 stata realizzata, l\u2019esplorazione delle infi nite possibilit\u00e0 di accostamento e personalizzazione, il pregio dell\u2019essenze<br \/>\nutilizzate.<br \/>\nLe venature e le lievi irregolarit\u00e0 delle superfici sono il tocco che la natura imprime al legno e quindi espressione di un fascino unico e autentico.[\/vc_column_text][\/vc_column][vc_column width=&#8221;1\/2&#8243;][vc_column_text css=&#8221;.vc_custom_1491394767124{padding-top: 20px !important;padding-bottom: 20px !important;}&#8221;]<\/p>\n<p style=\"text-align: center;\"><a href=\"http:\/\/online.fliphtml5.com\/eywd\/rgez\/#p=1\" target=\"_blank\">PORTE INTERNE CONTEMPORARY STYLE<\/a><\/p>\n<p>[\/vc_column_text][vc_single_image image=&#8221;13260&#8243; img_size=&#8221;full&#8221; img_link_target=&#8221;_blank&#8221; onclick=&#8221;custom_link&#8221; link=&#8221;http:\/\/online.fliphtml5.com\/eywd\/rgez\/#p=1&#8243;][vc_column_text css=&#8221;.vc_custom_1491394756053{padding-top: 20px !important;padding-bottom: 20px !important;}&#8221;]<\/p>\n<p style=\"text-align: center;\"><a href=\"http:\/\/online.fliphtml5.com\/eywd\/rgez\/#p=1\" target=\"_blank\">Clicca qui per scoprire il catalogo<\/a><\/p>\n<p>[\/vc_column_text][\/vc_column][\/vc_row]<\/p>\n<\/div>","protected":false},"excerpt":{"rendered":"<p>[vc_row full_width=&#8221;stretch_row_content_no_spaces&#8221; parallax=&#8221;content-moving&#8221;][vc_column][vc_single_image image=&#8221;13254&#8243; img_size=&#8221;full&#8221; alignment=&#8221;center&#8221;][\/vc_column][\/vc_row][vc_row][vc_column][ultimate_spacer height=&#8221;60&#8243; height_on_tabs=&#8221;30&#8243; height_on_mob=&#8221;15&#8243;][vc_column_text]Fondata nel 1975, Dierre \u00e8 la societ\u00e0 leader nel mondo nella produzione di porte blindate e leader in Italia nella produzione e<\/p>\n","protected":false},"author":1,"featured_media":0,"parent":0,"menu_order":0,"comment_status":"closed","ping_status":"closed","template":"page-custom-with-header.php","meta":{"_acf_changed":false,"footnotes":""},"class_list":["post-13253","page","type-page","status-publish","hentry"],"acf":[],"_links":{"self":[{"href":"https:\/\/www.orviserramenti.it\/it\/wp-json\/wp\/v2\/pages\/13253","targetHints":{"allow":["GET"]}}],"collection":[{"href":"https:\/\/www.orviserramenti.it\/it\/wp-json\/wp\/v2\/pages"}],"about":[{"href":"https:\/\/www.orviserramenti.it\/it\/wp-json\/wp\/v2\/types\/page"}],"author":[{"embeddable":true,"href":"https:\/\/www.orviserramenti.it\/it\/wp-json\/wp\/v2\/users\/1"}],"replies":[{"embeddable":true,"href":"https:\/\/www.orviserramenti.it\/it\/wp-json\/wp\/v2\/comments?post=13253"}],"version-history":[{"count":9,"href":"https:\/\/www.orviserramenti.it\/it\/wp-json\/wp\/v2\/pages\/13253\/revisions"}],"predecessor-version":[{"id":13283,"href":"https:\/\/www.orviserramenti.it\/it\/wp-json\/wp\/v2\/pages\/13253\/revisions\/13283"}],"wp:attachment":[{"href":"https:\/\/www.orviserramenti.it\/it\/wp-json\/wp\/v2\/media?parent=13253"}],"curies":[{"name":"wp","href":"https:\/\/api.w.org\/{rel}","templated":true}]}}