{"id":13200,"date":"2016-11-02T17:15:28","date_gmt":"2016-11-02T16:15:28","guid":{"rendered":"http:\/\/www.orviserramenti.it\/it\/?page_id=13200"},"modified":"2017-04-04T16:26:25","modified_gmt":"2017-04-04T14:26:25","slug":"cottali","status":"publish","type":"page","link":"https:\/\/www.orviserramenti.it\/it\/cottali\/","title":{"rendered":"Cottali"},"content":{"rendered":"<div class=\"wpb-content-wrapper\"><p>[vc_row full_width=&#8221;stretch_row_content_no_spaces&#8221; parallax=&#8221;content-moving&#8221;][vc_column][vc_single_image image=&#8221;13273&#8243; img_size=&#8221;full&#8221; alignment=&#8221;center&#8221;][\/vc_column][\/vc_row][vc_row][vc_column][ultimate_spacer height=&#8221;60&#8243; height_on_tabs=&#8221;30&#8243; height_on_mob=&#8221;15&#8243;][vc_column_text]Cottali \u00e8 uno dei maggiori <strong>produttori italiani di maniglie<\/strong>; da 40 anni sul mercato, \u00e8 presente tuttora in pi\u00f9 di 50 stati in tutto il mondo.<\/p>\n<p>Il continuo innovamento tecnologico ha permesso all\u2019azienda una costante permanenza e crescita nel mercato. La promozione di <strong>maniglie esclusivamente Made in Italy<\/strong> fa s\u00ec che il marchio Cottali sia richiesto e conosciuto.<\/p>\n<p>L\u2019ampia gamma di minuteria ed accessoristica, con un ottimo rapporto qualit\u00e0-prezzo, ha inoltre permesso alla Cottali di essere presente nel mercato della grande distribuzione.[\/vc_column_text][ultimate_spacer height=&#8221;20&#8243; height_on_tabs=&#8221;10&#8243; height_on_mob=&#8221;5&#8243;][vc_column_text]<\/p>\n<ul>\n<li class=\"rtejustify\"><b>Maniglie<\/b><\/li>\n<li class=\"rtejustify\"><strong>Accessori Porte<\/strong><\/li>\n<li class=\"rtejustify\"><strong>Accessori Finestre<\/strong><\/li>\n<li class=\"rtejustify\"><strong>Accessori Mobili \/ Tende<\/strong><\/li>\n<\/ul>\n<p>[\/vc_column_text][ultimate_spacer height=&#8221;60&#8243; height_on_tabs=&#8221;30&#8243; height_on_mob=&#8221;15&#8243;][\/vc_column][\/vc_row][vc_row][vc_column width=&#8221;1\/2&#8243;][vc_single_image image=&#8221;13202&#8243; img_size=&#8221;full&#8221;][vc_column_text css=&#8221;.vc_custom_1478103422296{padding-top: 20px !important;padding-bottom: 20px !important;}&#8221;]<\/p>\n<h4><strong>Maniglie<\/strong><\/h4>\n<div class=\"article-content clearfix\"><\/div>\n<p>[\/vc_column_text][\/vc_column][vc_column width=&#8221;1\/2&#8243;][vc_single_image image=&#8221;13203&#8243; img_size=&#8221;full&#8221;][vc_column_text css=&#8221;.vc_custom_1478103433739{padding-top: 20px !important;padding-bottom: 20px !important;}&#8221;]<\/p>\n<h4><strong class=\"font-white\"><span class=\"font-dark\">Accessori Porte<\/span><\/strong><\/h4>\n<p>[\/vc_column_text][\/vc_column][\/vc_row][vc_row][vc_column width=&#8221;1\/2&#8243;][vc_single_image image=&#8221;13205&#8243; img_size=&#8221;full&#8221;][vc_column_text css=&#8221;.vc_custom_1478103458942{padding-top: 20px !important;padding-bottom: 20px !important;}&#8221;]<\/p>\n<h4><strong>Accessori Finestre<\/strong><\/h4>\n<p>[\/vc_column_text][\/vc_column][vc_column width=&#8221;1\/2&#8243;][vc_single_image image=&#8221;13206&#8243; img_size=&#8221;full&#8221;][vc_column_text css=&#8221;.vc_custom_1478103478510{padding-top: 20px !important;padding-bottom: 20px !important;}&#8221;]<\/p>\n<h4><strong>Accessori Mobili \/ Tende<\/strong><\/h4>\n<p>[\/vc_column_text][\/vc_column][\/vc_row][vc_row][vc_column width=&#8221;1\/2&#8243;][ultimate_spacer height=&#8221;60&#8243; height_on_tabs=&#8221;30&#8243; height_on_mob=&#8221;15&#8243;][ult_buttons btn_title=&#8221;Gioiello Maniglia &#8211; Catalogo &#8221; btn_link=&#8221;url:http%3A%2F%2Fonline.fliphtml5.com%2Feywd%2Fkjko%2F%23p%3D1||target:%20_blank|&#8221; btn_title_color=&#8221;#ffffff&#8221; btn_bg_color=&#8221;#274b8a&#8221; btn_icon_pos=&#8221;ubtn-sep-icon-at-left&#8221; notification=&#8221;&#8221;][\/vc_column][vc_column width=&#8221;1\/2&#8243;][ultimate_spacer height=&#8221;60&#8243; height_on_tabs=&#8221;30&#8243; height_on_mob=&#8221;15&#8243;][ult_buttons btn_title=&#8221;Catalogo Cottali&#8221; btn_link=&#8221;url:http%3A%2F%2Fonline.fliphtml5.com%2Feywd%2Fqdnb%2F%23p%3D1||target:%20_blank|&#8221; btn_title_color=&#8221;#ffffff&#8221; btn_bg_color=&#8221;#274b8a&#8221; btn_icon_pos=&#8221;ubtn-sep-icon-at-left&#8221; notification=&#8221;&#8221;][\/vc_column][\/vc_row]<\/p>\n<\/div>","protected":false},"excerpt":{"rendered":"<p>[vc_row full_width=&#8221;stretch_row_content_no_spaces&#8221; parallax=&#8221;content-moving&#8221;][vc_column][vc_single_image image=&#8221;13273&#8243; img_size=&#8221;full&#8221; alignment=&#8221;center&#8221;][\/vc_column][\/vc_row][vc_row][vc_column][ultimate_spacer height=&#8221;60&#8243; height_on_tabs=&#8221;30&#8243; height_on_mob=&#8221;15&#8243;][vc_column_text]Cottali \u00e8 uno dei maggiori produttori italiani di maniglie; da 40 anni sul mercato, \u00e8 presente tuttora in pi\u00f9 di 50 stati<\/p>\n","protected":false},"author":1,"featured_media":0,"parent":0,"menu_order":0,"comment_status":"closed","ping_status":"closed","template":"page-custom-with-header.php","meta":{"_acf_changed":false,"footnotes":""},"class_list":["post-13200","page","type-page","status-publish","hentry"],"acf":[],"_links":{"self":[{"href":"https:\/\/www.orviserramenti.it\/it\/wp-json\/wp\/v2\/pages\/13200","targetHints":{"allow":["GET"]}}],"collection":[{"href":"https:\/\/www.orviserramenti.it\/it\/wp-json\/wp\/v2\/pages"}],"about":[{"href":"https:\/\/www.orviserramenti.it\/it\/wp-json\/wp\/v2\/types\/page"}],"author":[{"embeddable":true,"href":"https:\/\/www.orviserramenti.it\/it\/wp-json\/wp\/v2\/users\/1"}],"replies":[{"embeddable":true,"href":"https:\/\/www.orviserramenti.it\/it\/wp-json\/wp\/v2\/comments?post=13200"}],"version-history":[{"count":7,"href":"https:\/\/www.orviserramenti.it\/it\/wp-json\/wp\/v2\/pages\/13200\/revisions"}],"predecessor-version":[{"id":13277,"href":"https:\/\/www.orviserramenti.it\/it\/wp-json\/wp\/v2\/pages\/13200\/revisions\/13277"}],"wp:attachment":[{"href":"https:\/\/www.orviserramenti.it\/it\/wp-json\/wp\/v2\/media?parent=13200"}],"curies":[{"name":"wp","href":"https:\/\/api.w.org\/{rel}","templated":true}]}}