{"id":13184,"date":"2016-11-02T11:34:55","date_gmt":"2016-11-02T10:34:55","guid":{"rendered":"http:\/\/www.orviserramenti.it\/it\/?page_id=13184"},"modified":"2016-11-02T14:20:59","modified_gmt":"2016-11-02T13:20:59","slug":"velux","status":"publish","type":"page","link":"https:\/\/www.orviserramenti.it\/it\/velux\/","title":{"rendered":"Velux"},"content":{"rendered":"<div class=\"wpb-content-wrapper\"><p>[vc_row full_width=&#8221;stretch_row_content_no_spaces&#8221; parallax=&#8221;content-moving&#8221;][vc_column][vc_single_image image=&#8221;13185&#8243; img_size=&#8221;full&#8221; alignment=&#8221;center&#8221;][\/vc_column][\/vc_row][vc_row][vc_column][ultimate_spacer height=&#8221;60&#8243; height_on_tabs=&#8221;30&#8243; height_on_mob=&#8221;15&#8243;][vc_column_text]<\/p>\n<p class=\"rtejustify\">VELUX si affaccia sul mercato italiano nel 1968.<\/p>\n<p>L&#8217;azienda conquista la fiducia degli addetti ai lavori, partendo da una regione italiana come il Trentino Alto Adige, in cui \u00e8 gi\u00e0 consolidato un approccio innovativo all&#8217;edilizia, rispettoso dell&#8217;ambiente e attento alla qualit\u00e0 del vivere in casa.<\/p>\n<p>In seguito, la crescita dell&#8217;azienda, sia in termini di fatturato che di personale, richiede la costruzione di una sede pi\u00f9 adeguata, in grado di rappresentare al meglio la gamma di prodotti VELUX e di offrire un ambiente di lavoro pi\u00f9 confortevole ai propri dipendenti.<\/p>\n<p>VELUX Italia occupa oggi oltre 100 collaboratori, \u00e8 leader nel proprio comparto ed \u00e8 presente su tutto il territorio italiano grazie ad una rete capillare di oltre 2.000 rivenditori.<\/p>\n<p>[\/vc_column_text][ultimate_spacer height=&#8221;20&#8243; height_on_tabs=&#8221;10&#8243; height_on_mob=&#8221;5&#8243;][vc_column_text]<\/p>\n<ul>\n<li class=\"rtejustify\"><b>Velux Integra<\/b><\/li>\n<li class=\"rtejustify\"><strong>Tripla Protezione<\/strong><\/li>\n<li class=\"rtejustify\"><strong>Finestre Manuali<\/strong><\/li>\n<li class=\"rtejustify\"><strong>Finestre Speciali<\/strong><\/li>\n<\/ul>\n<p>[\/vc_column_text][ultimate_spacer height=&#8221;60&#8243; height_on_tabs=&#8221;30&#8243; height_on_mob=&#8221;15&#8243;][\/vc_column][\/vc_row][vc_row][vc_column width=&#8221;1\/2&#8243;][vc_single_image image=&#8221;13191&#8243; img_size=&#8221;full&#8221;][vc_column_text css=&#8221;.vc_custom_1478085288085{padding-top: 20px !important;padding-bottom: 20px !important;}&#8221;]<\/p>\n<h4><strong>Finestre VELUX INTEGRA<sup>\u00ae<\/sup><\/strong><\/h4>\n<div class=\"article-content clearfix\">Le finestre programmabili,<br \/>\nelettriche e solari, che<br \/>\nsi prendono cura di te.<\/div>\n<p>[\/vc_column_text][\/vc_column][vc_column width=&#8221;1\/2&#8243;][vc_single_image image=&#8221;13192&#8243; img_size=&#8221;full&#8221;][vc_column_text css=&#8221;.vc_custom_1478085343454{padding-top: 20px !important;padding-bottom: 20px !important;}&#8221;]<\/p>\n<h4><strong class=\"font-white\"><span class=\"font-dark\">Finestre Tripla Protezione<\/span><\/strong><\/h4>\n<p><span class=\"font-dark\">Assicurano le massime performance con tutte le condizioni climatiche.<\/span>[\/vc_column_text][\/vc_column][\/vc_row][vc_row][vc_column width=&#8221;1\/2&#8243;][vc_single_image image=&#8221;13194&#8243; img_size=&#8221;full&#8221;][vc_column_text css=&#8221;.vc_custom_1478085360335{padding-top: 20px !important;padding-bottom: 20px !important;}&#8221;]<\/p>\n<h4><strong>Finestre manuali<\/strong><\/h4>\n<div class=\"article-content clearfix\">Design, prestazioni e qualit\u00e0 VELUX anche nella versione pi\u00f9 semplice, per finestre a portata di mano.<\/div>\n<p>[\/vc_column_text][\/vc_column][vc_column width=&#8221;1\/2&#8243;][vc_single_image image=&#8221;13195&#8243; img_size=&#8221;full&#8221;][vc_column_text css=&#8221;.vc_custom_1478085414935{padding-top: 20px !important;padding-bottom: 20px !important;}&#8221;]<\/p>\n<h4><strong>Finestre speciali<\/strong><\/h4>\n<div class=\"article-content clearfix\">Antieffrazione, uscita tetto, linea vita, evacuazione di fumo e calore, climi estremi e finestre balcone.<\/div>\n<p>[\/vc_column_text][\/vc_column][\/vc_row][vc_row][vc_column][\/vc_column][\/vc_row]<\/p>\n<\/div>","protected":false},"excerpt":{"rendered":"<p>[vc_row full_width=&#8221;stretch_row_content_no_spaces&#8221; parallax=&#8221;content-moving&#8221;][vc_column][vc_single_image image=&#8221;13185&#8243; img_size=&#8221;full&#8221; alignment=&#8221;center&#8221;][\/vc_column][\/vc_row][vc_row][vc_column][ultimate_spacer height=&#8221;60&#8243; height_on_tabs=&#8221;30&#8243; height_on_mob=&#8221;15&#8243;][vc_column_text] VELUX si affaccia sul mercato italiano nel 1968. L&#8217;azienda conquista la fiducia degli addetti ai lavori, partendo da una regione italiana<\/p>\n","protected":false},"author":1,"featured_media":0,"parent":0,"menu_order":0,"comment_status":"closed","ping_status":"closed","template":"page-custom-with-header.php","meta":{"_acf_changed":false,"footnotes":""},"class_list":["post-13184","page","type-page","status-publish","hentry"],"acf":[],"_links":{"self":[{"href":"https:\/\/www.orviserramenti.it\/it\/wp-json\/wp\/v2\/pages\/13184","targetHints":{"allow":["GET"]}}],"collection":[{"href":"https:\/\/www.orviserramenti.it\/it\/wp-json\/wp\/v2\/pages"}],"about":[{"href":"https:\/\/www.orviserramenti.it\/it\/wp-json\/wp\/v2\/types\/page"}],"author":[{"embeddable":true,"href":"https:\/\/www.orviserramenti.it\/it\/wp-json\/wp\/v2\/users\/1"}],"replies":[{"embeddable":true,"href":"https:\/\/www.orviserramenti.it\/it\/wp-json\/wp\/v2\/comments?post=13184"}],"version-history":[{"count":7,"href":"https:\/\/www.orviserramenti.it\/it\/wp-json\/wp\/v2\/pages\/13184\/revisions"}],"predecessor-version":[{"id":13196,"href":"https:\/\/www.orviserramenti.it\/it\/wp-json\/wp\/v2\/pages\/13184\/revisions\/13196"}],"wp:attachment":[{"href":"https:\/\/www.orviserramenti.it\/it\/wp-json\/wp\/v2\/media?parent=13184"}],"curies":[{"name":"wp","href":"https:\/\/api.w.org\/{rel}","templated":true}]}}